{"id":4640,"date":"2025-07-21T09:13:23","date_gmt":"2025-07-21T09:13:23","guid":{"rendered":"https:\/\/panthea.com\/mentions-legales\/"},"modified":"2026-01-28T12:16:35","modified_gmt":"2026-01-28T12:16:35","slug":"mentions-legales","status":"publish","type":"page","link":"https:\/\/panthea.com\/fr\/mentions-legales\/","title":{"rendered":"MENTIONS L\u00c9GALES"},"content":{"rendered":"[vc_row type=\u00a0\u00bbin_container\u00a0\u00bb full_screen_row_position=\u00a0\u00bbmiddle\u00a0\u00bb column_margin=\u00a0\u00bbdefault\u00a0\u00bb column_direction=\u00a0\u00bbdefault\u00a0\u00bb column_direction_tablet=\u00a0\u00bbdefault\u00a0\u00bb column_direction_phone=\u00a0\u00bbdefault\u00a0\u00bb bg_color=\u00a0\u00bb#000000&Prime; scene_position=\u00a0\u00bbcenter\u00a0\u00bb top_padding=\u00a0\u00bb3%\u00a0\u00bb text_color=\u00a0\u00bblight\u00a0\u00bb text_align=\u00a0\u00bbleft\u00a0\u00bb row_border_radius=\u00a0\u00bbnone\u00a0\u00bb row_border_radius_applies=\u00a0\u00bbbg\u00a0\u00bb overflow=\u00a0\u00bbvisible\u00a0\u00bb overlay_strength=\u00a0\u00bb0.3&Prime; gradient_direction=\u00a0\u00bbleft_to_right\u00a0\u00bb shape_divider_position=\u00a0\u00bbbottom\u00a0\u00bb bg_image_animation=\u00a0\u00bbnone\u00a0\u00bb gradient_type=\u00a0\u00bbdefault\u00a0\u00bb shape_type=\u00a0\u00bb\u00a0\u00bb][vc_column column_padding=\u00a0\u00bbno-extra-padding\u00a0\u00bb column_padding_tablet=\u00a0\u00bbinherit\u00a0\u00bb column_padding_phone=\u00a0\u00bbinherit\u00a0\u00bb column_padding_position=\u00a0\u00bball\u00a0\u00bb column_element_direction_desktop=\u00a0\u00bbdefault\u00a0\u00bb column_element_spacing=\u00a0\u00bbdefault\u00a0\u00bb desktop_text_alignment=\u00a0\u00bbdefault\u00a0\u00bb tablet_text_alignment=\u00a0\u00bbdefault\u00a0\u00bb phone_text_alignment=\u00a0\u00bbdefault\u00a0\u00bb background_color_opacity=\u00a0\u00bb1&Prime; background_hover_color_opacity=\u00a0\u00bb1&Prime; column_backdrop_filter=\u00a0\u00bbnone\u00a0\u00bb column_shadow=\u00a0\u00bbnone\u00a0\u00bb column_border_radius=\u00a0\u00bbnone\u00a0\u00bb column_link_target=\u00a0\u00bb_self\u00a0\u00bb column_position=\u00a0\u00bbdefault\u00a0\u00bb gradient_direction=\u00a0\u00bbleft_to_right\u00a0\u00bb overlay_strength=\u00a0\u00bb0.3&Prime; width=\u00a0\u00bb1\/1&Prime; tablet_width_inherit=\u00a0\u00bbdefault\u00a0\u00bb animation_type=\u00a0\u00bbdefault\u00a0\u00bb bg_image_animation=\u00a0\u00bbnone\u00a0\u00bb border_type=\u00a0\u00bbsimple\u00a0\u00bb column_border_width=\u00a0\u00bbnone\u00a0\u00bb column_border_style=\u00a0\u00bbsolid\u00a0\u00bb][vc_column_text css=\u00a0\u00bb\u00a0\u00bb text_direction=\u00a0\u00bbdefault\u00a0\u00bb]<b>\u00c9diteur du site :<\/b><\/p>\n<p><span style=\"font-weight: 400;\">Nom de l\u2019entreprise : Panthea \u2013 Theatre in Paris SAS<\/span><\/p>\n<p><span style=\"font-weight: 400;\">Forme juridique : SAS au capital de 33 630,50\u20ac<\/span><\/p>\n<p><span style=\"font-weight: 400;\">Si\u00e8ge social : 79 rue du Mont-Cenis, 75018 Paris, France<\/span><\/p>\n<p><span style=\"font-weight: 400;\">T\u00e9l\u00e9phone : +33 1 89 71 87 56<\/span><\/p>\n<p><span style=\"font-weight: 400;\">Email: <\/span><a href=\"mailto:welcome@panthea.com\"><span style=\"font-weight: 400;\">welcome@panthea.com<\/span><\/a><\/p>\n<p>&nbsp;<\/p>\n<p><span style=\"font-weight: 400;\">N\u00b0 SIRET : 800 566 374 00057<\/span><\/p>\n<p><span style=\"font-weight: 400;\">RCS : Paris 800 566 374<\/span><\/p>\n<p><span style=\"font-weight: 400;\">N\u00b0 TVA intracommunautaire : FR 86 800 566 374<\/span><\/p>\n<p>&nbsp;<\/p>\n<p><b>Directeur de la publication :<\/b><\/p>\n<p><span style=\"font-weight: 400;\">David Ma\u00df, Vice-President<\/span><\/p>\n<p>&nbsp;<\/p>\n<p><b>H\u00e9bergement du site :<\/b><\/p>\n<p>WPX<\/p>\n<p><span style=\"font-weight: 400;\">Adresse : <\/span><\/p>\n<p><span style=\"font-weight: 400;\"><b>K Media Tech<\/b> (owner of WPX) BG 202249002<br \/>\n#13, 20th April Street<br \/>\nSofia 1000<br \/>\nBulgaria<\/span><\/p>\n<p><span style=\"font-weight: 400;\">Mail : <a href=\"mailto:support@wpx.net\"><b>support@wpx.net<\/b><\/a><\/span><\/p>\n<p><span style=\"font-weight: 400;\">Site Web :<a href=\"https:\/\/wpx.net\/\"> https:\/\/wpx.net\/<\/a><\/span><\/p>\n<p>&nbsp;<\/p>\n<p><b>Propri\u00e9t\u00e9 intellectuelle :<\/b><\/p>\n<p><span style=\"font-weight: 400;\">L\u2019ensemble du contenu du site (textes, images, charte graphique, logo, etc.) est la propri\u00e9t\u00e9 exclusive de<\/span> <b>Panthea,<\/b> <span style=\"font-weight: 400;\">sauf mention contraire.<\/span><\/p>\n<p><span style=\"font-weight: 400;\">Toute reproduction, repr\u00e9sentation, modification ou exploitation, totale ou partielle, est interdite sans l\u2019autorisation \u00e9crite pr\u00e9alable de l\u2019\u00e9diteur.<\/span><\/p>\n<p><b>Donn\u00e9es personnelles :<\/b><\/p>\n<p><span style=\"font-weight: 400;\">Les donn\u00e9es collect\u00e9es via les formulaires du site sont destin\u00e9es exclusivement \u00e0 Panthea dans le cadre de la relation commerciale.<\/span><\/p>\n<p><span style=\"font-weight: 400;\">Conform\u00e9ment au R\u00e8glement G\u00e9n\u00e9ral sur la Protection des Donn\u00e9es (RGPD), vous disposez d\u2019un droit d\u2019acc\u00e8s, de rectification, de suppression et de portabilit\u00e9 des donn\u00e9es vous concernant.<\/span><\/p>\n<p><span style=\"font-weight: 400;\">Pour exercer ce droit : <\/span><a href=\"mailto:donnees@panthea.com\"><span style=\"font-weight: 400;\">donnees@panthea.com<\/span><\/a><\/p>\n<p><span style=\"font-weight: 400;\">Pour plus d\u2019informations, consultez notre Politique de confidentialit\u00e9.<\/span><\/p>\n<p><b>Cookies<\/b><span style=\"font-weight: 400;\">:<\/span><\/p>\n<p><span style=\"font-weight: 400;\">Le site peut utiliser des cookies pour am\u00e9liorer l\u2019exp\u00e9rience utilisateur et collecter des donn\u00e9es statistiques anonymes. Vous pouvez refuser ou g\u00e9rer l\u2019utilisation des cookies en consultant notre Politique de cookies. <\/span>[\/vc_column_text][\/vc_column][\/vc_row]\n","protected":false},"excerpt":{"rendered":"<p>[vc_row type=\u00a0\u00bbin_container\u00a0\u00bb full_screen_row_position=\u00a0\u00bbmiddle\u00a0\u00bb column_margin=\u00a0\u00bbdefault\u00a0\u00bb column_direction=\u00a0\u00bbdefault\u00a0\u00bb column_direction_tablet=\u00a0\u00bbdefault\u00a0\u00bb column_direction_phone=\u00a0\u00bbdefault\u00a0\u00bb bg_color=\u00a0\u00bb#000000&Prime; scene_position=\u00a0\u00bbcenter\u00a0\u00bb top_padding=\u00a0\u00bb3%\u00a0\u00bb text_color=\u00a0\u00bblight\u00a0\u00bb text_align=\u00a0\u00bbleft\u00a0\u00bb row_border_radius=\u00a0\u00bbnone\u00a0\u00bb row_border_radius_applies=\u00a0\u00bbbg\u00a0\u00bb overflow=\u00a0\u00bbvisible\u00a0\u00bb overlay_strength=\u00a0\u00bb0.3&Prime; gradient_direction=\u00a0\u00bbleft_to_right\u00a0\u00bb shape_divider_position=\u00a0\u00bbbottom\u00a0\u00bb bg_image_animation=\u00a0\u00bbnone\u00a0\u00bb gradient_type=\u00a0\u00bbdefault\u00a0\u00bb shape_type=\u00a0\u00bb\u00a0\u00bb][vc_column column_padding=\u00a0\u00bbno-extra-padding\u00a0\u00bb column_padding_tablet=\u00a0\u00bbinherit\u00a0\u00bb column_padding_phone=\u00a0\u00bbinherit\u00a0\u00bb column_padding_position=\u00a0\u00bball\u00a0\u00bb column_element_direction_desktop=\u00a0\u00bbdefault\u00a0\u00bb column_element_spacing=\u00a0\u00bbdefault\u00a0\u00bb desktop_text_alignment=\u00a0\u00bbdefault\u00a0\u00bb tablet_text_alignment=\u00a0\u00bbdefault\u00a0\u00bb phone_text_alignment=\u00a0\u00bbdefault\u00a0\u00bb&#8230;<\/p>\n","protected":false},"author":1,"featured_media":0,"parent":0,"menu_order":0,"comment_status":"closed","ping_status":"closed","template":"","meta":{"_acf_changed":false,"_seopress_robots_primary_cat":"","_seopress_titles_title":"","_seopress_titles_desc":"","_seopress_robots_index":"","inline_featured_image":false,"footnotes":""},"class_list":["post-4640","page","type-page","status-publish"],"acf":[],"_links":{"self":[{"href":"https:\/\/panthea.com\/fr\/wp-json\/wp\/v2\/pages\/4640","targetHints":{"allow":["GET"]}}],"collection":[{"href":"https:\/\/panthea.com\/fr\/wp-json\/wp\/v2\/pages"}],"about":[{"href":"https:\/\/panthea.com\/fr\/wp-json\/wp\/v2\/types\/page"}],"author":[{"embeddable":true,"href":"https:\/\/panthea.com\/fr\/wp-json\/wp\/v2\/users\/1"}],"replies":[{"embeddable":true,"href":"https:\/\/panthea.com\/fr\/wp-json\/wp\/v2\/comments?post=4640"}],"version-history":[{"count":19,"href":"https:\/\/panthea.com\/fr\/wp-json\/wp\/v2\/pages\/4640\/revisions"}],"predecessor-version":[{"id":10347,"href":"https:\/\/panthea.com\/fr\/wp-json\/wp\/v2\/pages\/4640\/revisions\/10347"}],"wp:attachment":[{"href":"https:\/\/panthea.com\/fr\/wp-json\/wp\/v2\/media?parent=4640"}],"curies":[{"name":"wp","href":"https:\/\/api.w.org\/{rel}","templated":true}]}}