{"id":4633,"date":"2021-08-27T11:36:04","date_gmt":"2021-08-27T11:36:04","guid":{"rendered":"https:\/\/panthea.com\/politique-de-confidentialite\/"},"modified":"2025-12-12T17:46:32","modified_gmt":"2025-12-12T17:46:32","slug":"politique-de-confidentialite","status":"publish","type":"page","link":"https:\/\/panthea.com\/fr\/politique-de-confidentialite\/","title":{"rendered":"POLITIQUE DE CONFIDENTIALIT\u00c9"},"content":{"rendered":"[vc_row type=\u00a0\u00bbin_container\u00a0\u00bb full_screen_row_position=\u00a0\u00bbmiddle\u00a0\u00bb column_margin=\u00a0\u00bbdefault\u00a0\u00bb column_direction=\u00a0\u00bbdefault\u00a0\u00bb column_direction_tablet=\u00a0\u00bbdefault\u00a0\u00bb column_direction_phone=\u00a0\u00bbdefault\u00a0\u00bb bg_color=\u00a0\u00bb#000000&Prime; scene_position=\u00a0\u00bbcenter\u00a0\u00bb top_padding=\u00a0\u00bb3%\u00a0\u00bb text_color=\u00a0\u00bblight\u00a0\u00bb text_align=\u00a0\u00bbleft\u00a0\u00bb row_border_radius=\u00a0\u00bbnone\u00a0\u00bb row_border_radius_applies=\u00a0\u00bbbg\u00a0\u00bb overflow=\u00a0\u00bbvisible\u00a0\u00bb overlay_strength=\u00a0\u00bb0.3&Prime; gradient_direction=\u00a0\u00bbleft_to_right\u00a0\u00bb shape_divider_position=\u00a0\u00bbbottom\u00a0\u00bb bg_image_animation=\u00a0\u00bbnone\u00a0\u00bb gradient_type=\u00a0\u00bbdefault\u00a0\u00bb shape_type=\u00a0\u00bb\u00a0\u00bb][vc_column column_padding=\u00a0\u00bbno-extra-padding\u00a0\u00bb column_padding_tablet=\u00a0\u00bbinherit\u00a0\u00bb column_padding_phone=\u00a0\u00bbinherit\u00a0\u00bb column_padding_position=\u00a0\u00bball\u00a0\u00bb column_element_direction_desktop=\u00a0\u00bbdefault\u00a0\u00bb column_element_spacing=\u00a0\u00bbdefault\u00a0\u00bb desktop_text_alignment=\u00a0\u00bbdefault\u00a0\u00bb tablet_text_alignment=\u00a0\u00bbdefault\u00a0\u00bb phone_text_alignment=\u00a0\u00bbdefault\u00a0\u00bb background_color_opacity=\u00a0\u00bb1&Prime; background_hover_color_opacity=\u00a0\u00bb1&Prime; column_backdrop_filter=\u00a0\u00bbnone\u00a0\u00bb column_shadow=\u00a0\u00bbnone\u00a0\u00bb column_border_radius=\u00a0\u00bbnone\u00a0\u00bb column_link_target=\u00a0\u00bb_self\u00a0\u00bb column_position=\u00a0\u00bbdefault\u00a0\u00bb gradient_direction=\u00a0\u00bbleft_to_right\u00a0\u00bb overlay_strength=\u00a0\u00bb0.3&Prime; width=\u00a0\u00bb1\/1&Prime; tablet_width_inherit=\u00a0\u00bbdefault\u00a0\u00bb animation_type=\u00a0\u00bbdefault\u00a0\u00bb bg_image_animation=\u00a0\u00bbnone\u00a0\u00bb border_type=\u00a0\u00bbsimple\u00a0\u00bb column_border_width=\u00a0\u00bbnone\u00a0\u00bb column_border_style=\u00a0\u00bbsolid\u00a0\u00bb][vc_column_text css=\u00a0\u00bb\u00a0\u00bb text_direction=\u00a0\u00bbdefault\u00a0\u00bb]<b>Politique de confidentialit\u00e9<\/b><\/p>\n<p><span style=\"font-weight: 400;\">Derni\u00e8re mise \u00e0 jour : 07\/07\/2025<\/span><\/p>\n<p>&nbsp;<\/p>\n<p><span style=\"font-weight: 400;\">Chez <\/span><b>Panthea, <\/b><span style=\"font-weight: 400;\">la protection de vos donn\u00e9es personnelles est une priorit\u00e9. Cette politique explique quelles donn\u00e9es nous collectons, pourquoi, comment nous les utilisons, et quels sont vos droits. <\/span><\/p>\n<p>&nbsp;<\/p>\n<ol>\n<li><span style=\"font-weight: 400;\"> Qui est responsable du traitement de vos donn\u00e9es ?<\/span><\/li>\n<\/ol>\n<p>&nbsp;<\/p>\n<p><b>Panthea \u2013 Theatre in Paris SAS<\/b><\/p>\n<p><span style=\"font-weight: 400;\">Adresse : 79 rue Mont Cenis, 75018 Paris, France<\/span><\/p>\n<p><span style=\"font-weight: 400;\"> Email: data@panthea.com<\/span><\/p>\n<p><span style=\"font-weight: 400;\"> Repr\u00e9sentant l\u00e9gal : Carl de Poncins<\/span><\/p>\n<p>&nbsp;<\/p>\n<ol start=\"2\">\n<li><span style=\"font-weight: 400;\"> Quelles donn\u00e9es collectons-nous ?<\/span><\/li>\n<\/ol>\n<p>&nbsp;<\/p>\n<p><span style=\"font-weight: 400;\">Nous collectons uniquement les donn\u00e9es strictement n\u00e9cessaires, notamment :<\/span><\/p>\n<ul>\n<li style=\"font-weight: 400;\" aria-level=\"1\"><span style=\"font-weight: 400;\">Nom, pr\u00e9nom<\/span><\/li>\n<li style=\"font-weight: 400;\" aria-level=\"1\"><span style=\"font-weight: 400;\">Adresse email professionnelle<\/span><\/li>\n<li style=\"font-weight: 400;\" aria-level=\"1\"><span style=\"font-weight: 400;\">Num\u00e9ro de t\u00e9l\u00e9phone<\/span><\/li>\n<li style=\"font-weight: 400;\" aria-level=\"1\"><span style=\"font-weight: 400;\">Fonction et entreprise<\/span><\/li>\n<li style=\"font-weight: 400;\" aria-level=\"1\"><span style=\"font-weight: 400;\">Adresse IP et donn\u00e9es de navigation (via cookies)<\/span><\/li>\n<\/ul>\n<p>&nbsp;<\/p>\n<ol start=\"3\">\n<li><span style=\"font-weight: 400;\"> Comment collectons-nous vos donn\u00e9es ?<\/span><\/li>\n<\/ol>\n<p>&nbsp;<\/p>\n<p><span style=\"font-weight: 400;\">Lorsque vous remplissez un formulaire sur notre site (contact, demande de devis, inscription \u00e0 la newsletter)<\/span><\/p>\n<p><span style=\"font-weight: 400;\">Lors de vos \u00e9changes avec notre \u00e9quipe commerciale<\/span><\/p>\n<p><span style=\"font-weight: 400;\">Via les cookies ou outils d\u2019analyse (Google Analytics, etc.)<\/span><\/p>\n<p>&nbsp;<\/p>\n<ol start=\"4\">\n<li><span style=\"font-weight: 400;\"> Pourquoi utilisons-nous vos donn\u00e9es ?<\/span><\/li>\n<\/ol>\n<p>&nbsp;<\/p>\n<ul>\n<li style=\"font-weight: 400;\" aria-level=\"1\"><span style=\"font-weight: 400;\">Pour r\u00e9pondre \u00e0 vos demandes de contact ou de devis<\/span><\/li>\n<li style=\"font-weight: 400;\" aria-level=\"1\"><span style=\"font-weight: 400;\">Pour vous envoyer des informations commerciales (si vous y avez consenti)<\/span><\/li>\n<li style=\"font-weight: 400;\" aria-level=\"1\"><span style=\"font-weight: 400;\">Pour am\u00e9liorer l\u2019exp\u00e9rience utilisateur sur notre site<\/span><\/li>\n<li style=\"font-weight: 400;\" aria-level=\"1\"><span style=\"font-weight: 400;\">Pour respecter nos obligations l\u00e9gales et contractuelles<\/span><\/li>\n<\/ul>\n<p>&nbsp;<\/p>\n<ol start=\"5\">\n<li><span style=\"font-weight: 400;\"> Quelle est la base l\u00e9gale du traitement ?<\/span><\/li>\n<\/ol>\n<p>&nbsp;<\/p>\n<ul>\n<li style=\"font-weight: 400;\" aria-level=\"1\"><span style=\"font-weight: 400;\">Consentement (newsletter, cookies)<\/span><\/li>\n<li style=\"font-weight: 400;\" aria-level=\"1\"><span style=\"font-weight: 400;\">Int\u00e9r\u00eat l\u00e9gitime (suivi commercial, prospection professionnelle)<\/span><\/li>\n<li style=\"font-weight: 400;\" aria-level=\"1\"><span style=\"font-weight: 400;\">Ex\u00e9cution contractuelle (commandes, devis)<\/span><\/li>\n<li style=\"font-weight: 400;\" aria-level=\"1\"><span style=\"font-weight: 400;\">Obligation l\u00e9gale (facturation, archivage)<\/span><\/li>\n<\/ul>\n<p>&nbsp;<\/p>\n<ol start=\"6\">\n<li><span style=\"font-weight: 400;\"> Qui a acc\u00e8s \u00e0 vos donn\u00e9es ?<\/span><\/li>\n<\/ol>\n<p>&nbsp;<\/p>\n<p><span style=\"font-weight: 400;\">Vos donn\u00e9es peuvent \u00eatre transmises uniquement :<\/span><\/p>\n<p><span style=\"font-weight: 400;\">\u00c0 notre personnel habilit\u00e9<\/span><\/p>\n<p><span style=\"font-weight: 400;\">\u00c0 nos prestataires techniques (h\u00e9bergement, CRM, outils marketing), soumis \u00e0 des engagements de confidentialit\u00e9<\/span><\/p>\n<p><span style=\"font-weight: 400;\">Nous ne vendons jamais vos donn\u00e9es.<\/span><\/p>\n<p>&nbsp;<\/p>\n<ol start=\"7\">\n<li><span style=\"font-weight: 400;\"> Combien de temps conservons-nous vos donn\u00e9es ?<\/span><\/li>\n<\/ol>\n<p>&nbsp;<\/p>\n<ul>\n<li style=\"font-weight: 400;\" aria-level=\"1\"><span style=\"font-weight: 400;\">Donn\u00e9es de contact : 3 ans apr\u00e8s le dernier \u00e9change<\/span><\/li>\n<li style=\"font-weight: 400;\" aria-level=\"1\"><span style=\"font-weight: 400;\">Donn\u00e9es de facturation : 10 ans (obligation l\u00e9gale)<\/span><\/li>\n<li style=\"font-weight: 400;\" aria-level=\"1\"><span style=\"font-weight: 400;\">Cookies : selon leur nature, 6 \u00e0 13 mois maximum<\/span><\/li>\n<\/ul>\n<p>&nbsp;<\/p>\n<ol start=\"8\">\n<li><span style=\"font-weight: 400;\"> Vos droits (RGPD) :<\/span><\/li>\n<\/ol>\n<p>&nbsp;<\/p>\n<p><span style=\"font-weight: 400;\">Conform\u00e9ment au RGPD, vous pouvez \u00e0 tout moment :<\/span><\/p>\n<ul>\n<li style=\"font-weight: 400;\" aria-level=\"1\"><span style=\"font-weight: 400;\">Acc\u00e9der \u00e0 vos donn\u00e9es<\/span><\/li>\n<li style=\"font-weight: 400;\" aria-level=\"1\"><span style=\"font-weight: 400;\">Les rectifier ou les supprimer<\/span><\/li>\n<li style=\"font-weight: 400;\" aria-level=\"1\"><span style=\"font-weight: 400;\">Vous opposer au traitement<\/span><\/li>\n<li style=\"font-weight: 400;\" aria-level=\"1\"><span style=\"font-weight: 400;\">Demander la limitation ou la portabilit\u00e9 de vos donn\u00e9es<\/span><\/li>\n<\/ul>\n<p>&nbsp;<\/p>\n<p><span style=\"font-weight: 400;\">Pour exercer ces droits, contactez-nous \u00e0 : <\/span><a href=\"mailto:data@panthea.com\"><span style=\"font-weight: 400;\">data@panthea.com<\/span><\/a><\/p>\n<p>&nbsp;<\/p>\n<p><span style=\"font-weight: 400;\">Vous avez aussi le droit de d\u00e9poser une r\u00e9clamation aupr\u00e8s de la CNIL (www.cnil.fr).<\/span><\/p>\n<p>&nbsp;<\/p>\n<ol start=\"9\">\n<li><span style=\"font-weight: 400;\"> Cookies<\/span><\/li>\n<\/ol>\n<p><span style=\"font-weight: 400;\">Notre site utilise des cookies pour :<\/span><\/p>\n<ul>\n<li style=\"font-weight: 400;\" aria-level=\"1\"><span style=\"font-weight: 400;\">Mesurer l\u2019audience (ex. : Google Analytics)<\/span><\/li>\n<li style=\"font-weight: 400;\" aria-level=\"1\"><span style=\"font-weight: 400;\">Am\u00e9liorer la navigation<\/span><\/li>\n<\/ul>\n<p><span style=\"font-weight: 400;\">Vous pouvez g\u00e9rer vos pr\u00e9f\u00e9rences de cookies via notre bandeau de consentement ou consulter notre Politique de cookies.<\/span>[\/vc_column_text][\/vc_column][\/vc_row]\n","protected":false},"excerpt":{"rendered":"<p>[vc_row type=\u00a0\u00bbin_container\u00a0\u00bb full_screen_row_position=\u00a0\u00bbmiddle\u00a0\u00bb column_margin=\u00a0\u00bbdefault\u00a0\u00bb column_direction=\u00a0\u00bbdefault\u00a0\u00bb column_direction_tablet=\u00a0\u00bbdefault\u00a0\u00bb column_direction_phone=\u00a0\u00bbdefault\u00a0\u00bb bg_color=\u00a0\u00bb#000000&Prime; scene_position=\u00a0\u00bbcenter\u00a0\u00bb top_padding=\u00a0\u00bb3%\u00a0\u00bb text_color=\u00a0\u00bblight\u00a0\u00bb text_align=\u00a0\u00bbleft\u00a0\u00bb row_border_radius=\u00a0\u00bbnone\u00a0\u00bb row_border_radius_applies=\u00a0\u00bbbg\u00a0\u00bb overflow=\u00a0\u00bbvisible\u00a0\u00bb overlay_strength=\u00a0\u00bb0.3&Prime; gradient_direction=\u00a0\u00bbleft_to_right\u00a0\u00bb shape_divider_position=\u00a0\u00bbbottom\u00a0\u00bb bg_image_animation=\u00a0\u00bbnone\u00a0\u00bb gradient_type=\u00a0\u00bbdefault\u00a0\u00bb shape_type=\u00a0\u00bb\u00a0\u00bb][vc_column column_padding=\u00a0\u00bbno-extra-padding\u00a0\u00bb column_padding_tablet=\u00a0\u00bbinherit\u00a0\u00bb column_padding_phone=\u00a0\u00bbinherit\u00a0\u00bb column_padding_position=\u00a0\u00bball\u00a0\u00bb column_element_direction_desktop=\u00a0\u00bbdefault\u00a0\u00bb column_element_spacing=\u00a0\u00bbdefault\u00a0\u00bb desktop_text_alignment=\u00a0\u00bbdefault\u00a0\u00bb tablet_text_alignment=\u00a0\u00bbdefault\u00a0\u00bb phone_text_alignment=\u00a0\u00bbdefault\u00a0\u00bb&#8230;<\/p>\n","protected":false},"author":1,"featured_media":0,"parent":0,"menu_order":0,"comment_status":"closed","ping_status":"closed","template":"","meta":{"_acf_changed":false,"_seopress_robots_primary_cat":"","_seopress_titles_title":"","_seopress_titles_desc":"","_seopress_robots_index":"","inline_featured_image":false,"footnotes":""},"class_list":["post-4633","page","type-page","status-publish"],"acf":[],"_links":{"self":[{"href":"https:\/\/panthea.com\/fr\/wp-json\/wp\/v2\/pages\/4633","targetHints":{"allow":["GET"]}}],"collection":[{"href":"https:\/\/panthea.com\/fr\/wp-json\/wp\/v2\/pages"}],"about":[{"href":"https:\/\/panthea.com\/fr\/wp-json\/wp\/v2\/types\/page"}],"author":[{"embeddable":true,"href":"https:\/\/panthea.com\/fr\/wp-json\/wp\/v2\/users\/1"}],"replies":[{"embeddable":true,"href":"https:\/\/panthea.com\/fr\/wp-json\/wp\/v2\/comments?post=4633"}],"version-history":[{"count":11,"href":"https:\/\/panthea.com\/fr\/wp-json\/wp\/v2\/pages\/4633\/revisions"}],"predecessor-version":[{"id":10025,"href":"https:\/\/panthea.com\/fr\/wp-json\/wp\/v2\/pages\/4633\/revisions\/10025"}],"wp:attachment":[{"href":"https:\/\/panthea.com\/fr\/wp-json\/wp\/v2\/media?parent=4633"}],"curies":[{"name":"wp","href":"https:\/\/api.w.org\/{rel}","templated":true}]}}