{"id":4645,"date":"2025-07-21T09:13:23","date_gmt":"2025-07-21T09:13:23","guid":{"rendered":"https:\/\/panthea.com\/rechtliche-hinweise\/"},"modified":"2026-01-28T12:13:35","modified_gmt":"2026-01-28T12:13:35","slug":"rechtliche-hinweise","status":"publish","type":"page","link":"https:\/\/panthea.com\/de\/rechtliche-hinweise\/","title":{"rendered":"RECHTLICHE HINWEISE"},"content":{"rendered":"[vc_row type=&#8220;in_container&#8220; full_screen_row_position=&#8220;middle&#8220; column_margin=&#8220;default&#8220; column_direction=&#8220;default&#8220; column_direction_tablet=&#8220;default&#8220; column_direction_phone=&#8220;default&#8220; bg_color=&#8220;#000000&#8243; scene_position=&#8220;center&#8220; top_padding=&#8220;3%&#8220; text_color=&#8220;light&#8220; text_align=&#8220;left&#8220; row_border_radius=&#8220;none&#8220; row_border_radius_applies=&#8220;bg&#8220; overflow=&#8220;visible&#8220; overlay_strength=&#8220;0.3&#8243; gradient_direction=&#8220;left_to_right&#8220; shape_divider_position=&#8220;bottom&#8220; bg_image_animation=&#8220;none&#8220; gradient_type=&#8220;default&#8220; shape_type=&#8220;&#8220;][vc_column column_padding=&#8220;no-extra-padding&#8220; column_padding_tablet=&#8220;inherit&#8220; column_padding_phone=&#8220;inherit&#8220; column_padding_position=&#8220;all&#8220; column_element_direction_desktop=&#8220;default&#8220; column_element_spacing=&#8220;default&#8220; desktop_text_alignment=&#8220;default&#8220; tablet_text_alignment=&#8220;default&#8220; phone_text_alignment=&#8220;default&#8220; background_color_opacity=&#8220;1&#8243; background_hover_color_opacity=&#8220;1&#8243; column_backdrop_filter=&#8220;none&#8220; column_shadow=&#8220;none&#8220; column_border_radius=&#8220;none&#8220; column_link_target=&#8220;_self&#8220; column_position=&#8220;default&#8220; gradient_direction=&#8220;left_to_right&#8220; overlay_strength=&#8220;0.3&#8243; width=&#8220;1\/1&#8243; tablet_width_inherit=&#8220;default&#8220; animation_type=&#8220;default&#8220; bg_image_animation=&#8220;none&#8220; border_type=&#8220;simple&#8220; column_border_width=&#8220;none&#8220; column_border_style=&#8220;solid&#8220;][vc_column_text css=&#8220;&#8220; text_direction=&#8220;default&#8220;]<b>Herausgeber der Website:<\/b><\/p>\n<p><span style=\"font-weight: 400;\">Name des Unternehmens: Panthea \u2013 Theatre in Paris SAS<\/span><\/p>\n<p><span style=\"font-weight: 400;\">Rechtsform: SAS mit einem Kapital von 33.630,50 \u20ac<\/span><\/p>\n<p><span style=\"font-weight: 400;\">Firmensitz: 79 rue du Mont-Cenis, 75018 Paris, Frankreich<\/span><\/p>\n<p><span style=\"font-weight: 400;\">Telefon: +33 1 89 71 87 56<\/span><\/p>\n<p><span style=\"font-weight: 400;\">E-Mail: <\/span><a href=\"mailto:welcome@panthea.com\"><span style=\"font-weight: 400;\">welcome@panthea.com<\/span><\/a><\/p>\n<p>&nbsp;<\/p>\n<p><span style=\"font-weight: 400;\">SIRET-Nr.: 800 566 374 00057<\/span><\/p>\n<p><span style=\"font-weight: 400;\">Handelsregister: Paris 800 566 374<\/span><\/p>\n<p><span style=\"font-weight: 400;\">Umsatzsteuer-Identifikationsnummer: FR 86 800 566 374<\/span><\/p>\n<p>&nbsp;<\/p>\n<p><b>Verantwortlicher Herausgeber:<\/b><\/p>\n<p><span style=\"font-weight: 400;\">David Ma\u00df, Vizepr\u00e4sident<\/span><\/p>\n<p>&nbsp;<\/p>\n<p><b>Website-Hosting:<\/b><\/p>\n<p>WPX<\/p>\n<p><span style=\"font-weight: 400;\">Adresse:  <\/span><\/p>\n<p><span style=\"font-weight: 400;\"><b>K Media Tech<\/b> (Eigent\u00fcmer von WPX) BG 202249002<br \/>\n#13, 20th April Street<br \/>\nSofia 1000<br \/>\nBulgarien<\/span><\/p>\n<p><span style=\"font-weight: 400;\">Email: <a href=\"mailto:support@wpx.net\"><b>support@wpx.net<\/b><\/a><\/span><\/p>\n<p><span style=\"font-weight: 400;\">Website:<a href=\"https:\/\/wpx.net\/\"> https:\/\/wpx.net\/<\/a><\/span><\/p>\n<p>&nbsp;<\/p>\n<p><b>Geistiges Eigentum:<\/b><\/p>\n<p><span style=\"font-weight: 400;\">Der gesamte Inhalt der Website (Texte, Bilder, Grafikdesign, Logo usw.) ist, sofern nicht anders angegeben,<\/span> <span style=\"font-weight: 400;\">ausschlie\u00dfliches Eigentum von<\/span> <b>Panthea.<\/b><\/p>\n<p><span style=\"font-weight: 400;\">Jede vollst\u00e4ndige oder teilweise Vervielf\u00e4ltigung, Darstellung, \u00c4nderung oder Verwertung ist ohne vorherige schriftliche Genehmigung des Herausgebers untersagt.<\/span><\/p>\n<p><b>Personenbezogene Daten:<\/b><\/p>\n<p><span style=\"font-weight: 400;\">Die \u00fcber die Formulare auf der Website erhobenen Daten sind ausschlie\u00dflich f\u00fcr Panthea im Rahmen der Gesch\u00e4ftsbeziehung bestimmt.<\/span><\/p>\n<p><span style=\"font-weight: 400;\">Gem\u00e4\u00df der Datenschutz-Grundverordnung (DSGVO) haben Sie das Recht auf Zugang, Berichtigung, L\u00f6schung und \u00dcbertragbarkeit Ihrer personenbezogenen Daten.<\/span><\/p>\n<p><span style=\"font-weight: 400;\">Um dieses Recht auszu\u00fcben, wenden Sie sich bitte an: <\/span><a href=\"mailto:donnees@panthea.com\"><span style=\"font-weight: 400;\">data@panthea.com<\/span><\/a><\/p>\n<p><span style=\"font-weight: 400;\">Weitere Informationen finden Sie in unserer Datenschutzerkl\u00e4rung.<\/span><\/p>\n<p><b>Cookies<\/b><span style=\"font-weight: 400;\">:<\/span><\/p>\n<p><span style=\"font-weight: 400;\">Die Website kann Cookies verwenden, um die Benutzererfahrung zu verbessern und anonyme statistische Daten zu sammeln. Sie k\u00f6nnen die Verwendung von Cookies ablehnen oder verwalten, indem Sie unsere Cookie-Richtlinie konsultieren. <\/span>[\/vc_column_text][\/vc_column][\/vc_row]\n","protected":false},"excerpt":{"rendered":"<p>[vc_row type=&#8220;in_container&#8220; full_screen_row_position=&#8220;middle&#8220; column_margin=&#8220;default&#8220; column_direction=&#8220;default&#8220; column_direction_tablet=&#8220;default&#8220; column_direction_phone=&#8220;default&#8220; bg_color=&#8220;#000000&#8243; scene_position=&#8220;center&#8220; top_padding=&#8220;3%&#8220; text_color=&#8220;light&#8220; text_align=&#8220;left&#8220; row_border_radius=&#8220;none&#8220; row_border_radius_applies=&#8220;bg&#8220; overflow=&#8220;visible&#8220; overlay_strength=&#8220;0.3&#8243; gradient_direction=&#8220;left_to_right&#8220; shape_divider_position=&#8220;bottom&#8220; bg_image_animation=&#8220;none&#8220; gradient_type=&#8220;default&#8220; shape_type=&#8220;&#8220;][vc_column column_padding=&#8220;no-extra-padding&#8220; column_padding_tablet=&#8220;inherit&#8220; column_padding_phone=&#8220;inherit&#8220; column_padding_position=&#8220;all&#8220; column_element_direction_desktop=&#8220;default&#8220; column_element_spacing=&#8220;default&#8220; desktop_text_alignment=&#8220;default&#8220; tablet_text_alignment=&#8220;default&#8220; phone_text_alignment=&#8220;default&#8220;&#8230;<\/p>\n","protected":false},"author":1,"featured_media":0,"parent":0,"menu_order":0,"comment_status":"closed","ping_status":"closed","template":"","meta":{"_acf_changed":false,"_seopress_robots_primary_cat":"","_seopress_titles_title":"","_seopress_titles_desc":"","_seopress_robots_index":"","inline_featured_image":false,"footnotes":""},"class_list":["post-4645","page","type-page","status-publish"],"acf":[],"_links":{"self":[{"href":"https:\/\/panthea.com\/de\/wp-json\/wp\/v2\/pages\/4645","targetHints":{"allow":["GET"]}}],"collection":[{"href":"https:\/\/panthea.com\/de\/wp-json\/wp\/v2\/pages"}],"about":[{"href":"https:\/\/panthea.com\/de\/wp-json\/wp\/v2\/types\/page"}],"author":[{"embeddable":true,"href":"https:\/\/panthea.com\/de\/wp-json\/wp\/v2\/users\/1"}],"replies":[{"embeddable":true,"href":"https:\/\/panthea.com\/de\/wp-json\/wp\/v2\/comments?post=4645"}],"version-history":[{"count":8,"href":"https:\/\/panthea.com\/de\/wp-json\/wp\/v2\/pages\/4645\/revisions"}],"predecessor-version":[{"id":10344,"href":"https:\/\/panthea.com\/de\/wp-json\/wp\/v2\/pages\/4645\/revisions\/10344"}],"wp:attachment":[{"href":"https:\/\/panthea.com\/de\/wp-json\/wp\/v2\/media?parent=4645"}],"curies":[{"name":"wp","href":"https:\/\/api.w.org\/{rel}","templated":true}]}}