{"id":4642,"date":"2021-08-27T11:36:04","date_gmt":"2021-08-27T11:36:04","guid":{"rendered":"https:\/\/panthea.com\/datenschutzerklaerung\/"},"modified":"2025-12-12T17:43:35","modified_gmt":"2025-12-12T17:43:35","slug":"datenschutzerklaerung","status":"publish","type":"page","link":"https:\/\/panthea.com\/de\/datenschutzerklaerung\/","title":{"rendered":"DATENSCHUTZERKL\u00c4RUNG"},"content":{"rendered":"[vc_row type=&#8220;in_container&#8220; full_screen_row_position=&#8220;middle&#8220; column_margin=&#8220;default&#8220; column_direction=&#8220;default&#8220; column_direction_tablet=&#8220;default&#8220; column_direction_phone=&#8220;default&#8220; bg_color=&#8220;#000000&#8243; scene_position=&#8220;center&#8220; top_padding=&#8220;3%&#8220; text_color=&#8220;light&#8220; text_align=&#8220;left&#8220; row_border_radius=&#8220;none&#8220; row_border_radius_applies=&#8220;bg&#8220; overflow=&#8220;visible&#8220; overlay_strength=&#8220;0.3&#8243; gradient_direction=&#8220;left_to_right&#8220; shape_divider_position=&#8220;bottom&#8220; bg_image_animation=&#8220;none&#8220; gradient_type=&#8220;default&#8220; shape_type=&#8220;&#8220;][vc_column column_padding=&#8220;no-extra-padding&#8220; column_padding_tablet=&#8220;inherit&#8220; column_padding_phone=&#8220;inherit&#8220; column_padding_position=&#8220;all&#8220; column_element_direction_desktop=&#8220;default&#8220; column_element_spacing=&#8220;default&#8220; desktop_text_alignment=&#8220;default&#8220; tablet_text_alignment=&#8220;default&#8220; phone_text_alignment=&#8220;default&#8220; background_color_opacity=&#8220;1&#8243; background_hover_color_opacity=&#8220;1&#8243; column_backdrop_filter=&#8220;none&#8220; column_shadow=&#8220;none&#8220; column_border_radius=&#8220;none&#8220; column_link_target=&#8220;_self&#8220; column_position=&#8220;default&#8220; gradient_direction=&#8220;left_to_right&#8220; overlay_strength=&#8220;0.3&#8243; width=&#8220;1\/1&#8243; tablet_width_inherit=&#8220;default&#8220; animation_type=&#8220;default&#8220; bg_image_animation=&#8220;none&#8220; border_type=&#8220;simple&#8220; column_border_width=&#8220;none&#8220; column_border_style=&#8220;solid&#8220;][vc_column_text css=&#8220;&#8220; text_direction=&#8220;default&#8220;]<b>Datenschutzerkl\u00e4rung<\/b><\/p>\n<p><span style=\"font-weight: 400;\">Letzte Aktualisierung: 07.07.2025<\/span><\/p>\n<p>&nbsp;<\/p>\n<p><span style=\"font-weight: 400;\">Bei <\/span><b>Panthea, <\/b><span style=\"font-weight: 400;\">hat der Schutz Ihrer personenbezogenen Daten oberste Priorit\u00e4t. In dieser Erkl\u00e4rung wird erl\u00e4utert, welche Daten wir erheben, warum wir sie erheben, wie wir sie verwenden und welche Rechte Sie haben. <\/span><\/p>\n<p>&nbsp;<\/p>\n<ol>\n<li><span style=\"font-weight: 400;\"> Wer ist f\u00fcr die Verarbeitung Ihrer Daten verantwortlich?<\/span><\/li>\n<\/ol>\n<p>&nbsp;<\/p>\n<p><b>Panthea \u2013 Theatre in Paris SAS<\/b><\/p>\n<p><span style=\"font-weight: 400;\">Addresse : 79 rue Mont Cenis, 75018 Paris, Frankreich<\/span><\/p>\n<p><span style=\"font-weight: 400;\"> Email: data@panthea.com<\/span><\/p>\n<p><span style=\"font-weight: 400;\"> Gesetzlicher Vertreter: Carl de Poncins<\/span><\/p>\n<p>&nbsp;<\/p>\n<ol start=\"2\">\n<li><span style=\"font-weight: 400;\"> Welche Daten erfassen wir?<\/span><\/li>\n<\/ol>\n<p>&nbsp;<\/p>\n<p><span style=\"font-weight: 400;\">Wir erfassen nur die unbedingt notwendigen Daten, insbesondere:<\/span><\/p>\n<ul>\n<li style=\"font-weight: 400;\" aria-level=\"1\"><span style=\"font-weight: 400;\">Name, Vorname<\/span><\/li>\n<li style=\"font-weight: 400;\" aria-level=\"1\"><span style=\"font-weight: 400;\">Gesch\u00e4ftliche E-Mail-Adresse<\/span><\/li>\n<li style=\"font-weight: 400;\" aria-level=\"1\"><span style=\"font-weight: 400;\">Telefonnummer<\/span><\/li>\n<li style=\"font-weight: 400;\" aria-level=\"1\"><span style=\"font-weight: 400;\">Funktion und Unternehmen<\/span><\/li>\n<li style=\"font-weight: 400;\" aria-level=\"1\"><span style=\"font-weight: 400;\">IP-Adresse und Navigationsdaten (\u00fcber Cookies)<\/span><\/li>\n<\/ul>\n<p>&nbsp;<\/p>\n<ol start=\"3\">\n<li><span style=\"font-weight: 400;\"> Wie erfassen wir Ihre Daten?<\/span><\/li>\n<\/ol>\n<p>&nbsp;<\/p>\n<p><span style=\"font-weight: 400;\">Wenn Sie ein Formular auf unserer Website ausf\u00fcllen (Kontakt, Angebotsanfrage, Anmeldung zum Newsletter)<\/span><\/p>\n<p><span style=\"font-weight: 400;\">Bei Ihrem Austausch mit unserem Vertriebsteam<\/span><\/p>\n<p><span style=\"font-weight: 400;\">\u00dcber Cookies oder Analyse-Tools (Google Analytics usw.)<\/span><\/p>\n<p>&nbsp;<\/p>\n<ol start=\"4\">\n<li><span style=\"font-weight: 400;\"> Warum verwenden wir Ihre Daten?<\/span><\/li>\n<\/ol>\n<p>&nbsp;<\/p>\n<ul>\n<li style=\"font-weight: 400;\" aria-level=\"1\"><span style=\"font-weight: 400;\">Um Ihre Kontaktanfragen oder Angebotsanfragen zu beantworten.<\/span><\/li>\n<li style=\"font-weight: 400;\" aria-level=\"1\"><span style=\"font-weight: 400;\">Um Ihnen kommerzielle Informationen zuzusenden (sofern Sie dem zugestimmt haben).<\/span><\/li>\n<li style=\"font-weight: 400;\" aria-level=\"1\"><span style=\"font-weight: 400;\">Um die Benutzererfahrung auf unserer Website zu verbessern.<\/span><\/li>\n<li style=\"font-weight: 400;\" aria-level=\"1\"><span style=\"font-weight: 400;\">Um unseren gesetzlichen und vertraglichen Verpflichtungen nachzukommen.<\/span><\/li>\n<\/ul>\n<p>&nbsp;<\/p>\n<ol start=\"5\">\n<li><span style=\"font-weight: 400;\"> Was ist die Rechtsgrundlage f\u00fcr die Verarbeitung?<\/span><\/li>\n<\/ol>\n<p>&nbsp;<\/p>\n<ul>\n<li style=\"font-weight: 400;\" aria-level=\"1\"><span style=\"font-weight: 400;\">Einwilligung (Newsletter, Cookies)<\/span><\/li>\n<li style=\"font-weight: 400;\" aria-level=\"1\"><span style=\"font-weight: 400;\">Berechtigtes Interesse (kommerzielle Nachverfolgung, berufliche Akquise)<\/span><\/li>\n<li style=\"font-weight: 400;\" aria-level=\"1\"><span style=\"font-weight: 400;\">Vertragserf\u00fcllung (Bestellungen, Kostenvoranschl\u00e4ge)<\/span><\/li>\n<li style=\"font-weight: 400;\" aria-level=\"1\"><span style=\"font-weight: 400;\">Gesetzliche Verpflichtung (Rechnungsstellung, Archivierung)<\/span><\/li>\n<\/ul>\n<p>&nbsp;<\/p>\n<ol start=\"6\">\n<li><span style=\"font-weight: 400;\"> Wer hat Zugriff auf Ihre Daten?<\/span><\/li>\n<\/ol>\n<p>&nbsp;<\/p>\n<p><span style=\"font-weight: 400;\">Ihre Daten k\u00f6nnen ausschlie\u00dflich weitergegeben werden:<\/span><\/p>\n<p><span style=\"font-weight: 400;\">An unsere befugten Mitarbeiter<\/span><\/p>\n<p><span style=\"font-weight: 400;\">An unsere technischen Dienstleister (Hosting, CRM, Marketing-Tools), die Vertraulichkeitsverpflichtungen unterliegen<\/span><\/p>\n<p><span style=\"font-weight: 400;\">Wir verkaufen Ihre Daten niemals.<\/span><\/p>\n<p>&nbsp;<\/p>\n<ol start=\"7\">\n<li><span style=\"font-weight: 400;\"> Wie lange speichern wir Ihre Daten?<\/span><\/li>\n<\/ol>\n<p>&nbsp;<\/p>\n<ul>\n<li style=\"font-weight: 400;\" aria-level=\"1\"><span style=\"font-weight: 400;\">Kontaktdaten: 3 Jahre nach dem letzten Austausch<\/span><\/li>\n<li style=\"font-weight: 400;\" aria-level=\"1\"><span style=\"font-weight: 400;\">Rechnungsdaten: 10 Jahre (gesetzliche Verpflichtung)<\/span><\/li>\n<li style=\"font-weight: 400;\" aria-level=\"1\"><span style=\"font-weight: 400;\">Cookies: je nach Art maximal 6 bis 13 Monate<\/span><\/li>\n<\/ul>\n<p>&nbsp;<\/p>\n<ol start=\"8\">\n<li><span style=\"font-weight: 400;\"> Ihre Rechte (DSGVO):<\/span><\/li>\n<\/ol>\n<p>&nbsp;<\/p>\n<p><span style=\"font-weight: 400;\">Gem\u00e4\u00df der DSGVO k\u00f6nnen Sie jederzeit:<\/span><\/p>\n<ul>\n<li style=\"font-weight: 400;\" aria-level=\"1\"><span style=\"font-weight: 400;\">auf Ihre Daten zugreifen<\/span><\/li>\n<li style=\"font-weight: 400;\" aria-level=\"1\"><span style=\"font-weight: 400;\">sie berichtigen oder l\u00f6schen<\/span><\/li>\n<li style=\"font-weight: 400;\" aria-level=\"1\"><span style=\"font-weight: 400;\">der Verarbeitung widersprechen<\/span><\/li>\n<li style=\"font-weight: 400;\" aria-level=\"1\"><span style=\"font-weight: 400;\">die Einschr\u00e4nkung oder \u00dcbertragbarkeit Ihrer Daten beantragen<\/span><\/li>\n<\/ul>\n<p>&nbsp;<\/p>\n<p><span style=\"font-weight: 400;\">Um diese Rechte auszu\u00fcben, kontaktieren Sie uns unter: <\/span><a href=\"mailto:data@panthea.com\"><span style=\"font-weight: 400;\">data@panthea.com<\/span><\/a><\/p>\n<p>&nbsp;<\/p>\n<p><span style=\"font-weight: 400;\">Sie haben auch das Recht, eine Beschwerde bei der CNIL (www.cnil.fr) einzureichen.<\/span><\/p>\n<p>&nbsp;<\/p>\n<ol start=\"9\">\n<li><span style=\"font-weight: 400;\"> Cookies<\/span><\/li>\n<\/ol>\n<p><span style=\"font-weight: 400;\">Unsere Website verwendet Cookies f\u00fcr folgende Zwecke:<\/span><\/p>\n<ul>\n<li style=\"font-weight: 400;\" aria-level=\"1\"><span style=\"font-weight: 400;\">Messung der Besucherzahlen (z. B. Google Analytics)<\/span><\/li>\n<li style=\"font-weight: 400;\" aria-level=\"1\"><span style=\"font-weight: 400;\">Verbesserung der Navigation<\/span><\/li>\n<\/ul>\n<p><span style=\"font-weight: 400;\">Sie k\u00f6nnen Ihre Cookie-Einstellungen \u00fcber unser Einwilligungsbanner verwalten oder unsere Cookie-Richtlinie einsehen.<\/span>[\/vc_column_text][\/vc_column][\/vc_row]\n","protected":false},"excerpt":{"rendered":"<p>[vc_row type=&#8220;in_container&#8220; full_screen_row_position=&#8220;middle&#8220; column_margin=&#8220;default&#8220; column_direction=&#8220;default&#8220; column_direction_tablet=&#8220;default&#8220; column_direction_phone=&#8220;default&#8220; bg_color=&#8220;#000000&#8243; scene_position=&#8220;center&#8220; top_padding=&#8220;3%&#8220; text_color=&#8220;light&#8220; text_align=&#8220;left&#8220; row_border_radius=&#8220;none&#8220; row_border_radius_applies=&#8220;bg&#8220; overflow=&#8220;visible&#8220; overlay_strength=&#8220;0.3&#8243; gradient_direction=&#8220;left_to_right&#8220; shape_divider_position=&#8220;bottom&#8220; bg_image_animation=&#8220;none&#8220; gradient_type=&#8220;default&#8220; shape_type=&#8220;&#8220;][vc_column column_padding=&#8220;no-extra-padding&#8220; column_padding_tablet=&#8220;inherit&#8220; column_padding_phone=&#8220;inherit&#8220; column_padding_position=&#8220;all&#8220; column_element_direction_desktop=&#8220;default&#8220; column_element_spacing=&#8220;default&#8220; desktop_text_alignment=&#8220;default&#8220; tablet_text_alignment=&#8220;default&#8220; phone_text_alignment=&#8220;default&#8220;&#8230;<\/p>\n","protected":false},"author":1,"featured_media":0,"parent":0,"menu_order":0,"comment_status":"closed","ping_status":"closed","template":"","meta":{"_acf_changed":false,"_seopress_robots_primary_cat":"","_seopress_titles_title":"","_seopress_titles_desc":"","_seopress_robots_index":"","inline_featured_image":false,"footnotes":""},"class_list":["post-4642","page","type-page","status-publish"],"acf":[],"_links":{"self":[{"href":"https:\/\/panthea.com\/de\/wp-json\/wp\/v2\/pages\/4642","targetHints":{"allow":["GET"]}}],"collection":[{"href":"https:\/\/panthea.com\/de\/wp-json\/wp\/v2\/pages"}],"about":[{"href":"https:\/\/panthea.com\/de\/wp-json\/wp\/v2\/types\/page"}],"author":[{"embeddable":true,"href":"https:\/\/panthea.com\/de\/wp-json\/wp\/v2\/users\/1"}],"replies":[{"embeddable":true,"href":"https:\/\/panthea.com\/de\/wp-json\/wp\/v2\/comments?post=4642"}],"version-history":[{"count":8,"href":"https:\/\/panthea.com\/de\/wp-json\/wp\/v2\/pages\/4642\/revisions"}],"predecessor-version":[{"id":10024,"href":"https:\/\/panthea.com\/de\/wp-json\/wp\/v2\/pages\/4642\/revisions\/10024"}],"wp:attachment":[{"href":"https:\/\/panthea.com\/de\/wp-json\/wp\/v2\/media?parent=4642"}],"curies":[{"name":"wp","href":"https:\/\/api.w.org\/{rel}","templated":true}]}}